{"id":571,"date":"2020-06-10T21:13:22","date_gmt":"2020-06-10T21:13:22","guid":{"rendered":"http:\/\/jocelyn3.mywhc.ca\/?page_id=571"},"modified":"2025-11-25T13:05:04","modified_gmt":"2025-11-25T18:05:04","slug":"accueil-2","status":"publish","type":"page","link":"https:\/\/www.jocelyneduchesne.com\/","title":{"rendered":"Accueil"},"content":{"rendered":"<h1>\n<p>Jocelyne<\/p>\n<p>Duchesne<\/p>\n<\/h1>\n<h1>\n<p>Jocelyne<\/p>\n<p>Duchesne<\/p>\n<\/h1>\n<h2>\n<p>artiste<\/p>\n<\/h2>\n<h2>\n<p>artiste<\/p>\n<\/h2>\n<div>\n<div>Artiste professionnellement reconnue pour l&rsquo;originalit\u00e9 de ses \u0153uvres et son implication dans les milieux culturel et artistique, Jocelyne Duchesne a d\u00e9but\u00e9 sa carri\u00e8re en tant que peintre. Curieuse, elle aime explorer et ses recherches de mat\u00e9riaux en peinture l&rsquo;ont amen\u00e9e vers les techniques mixtes pour ensuite aller vers les \u0153uvres en trois dimensions 3D.<\/div>\n<div>\u00a0<\/div>\n<div>Profitant d&rsquo;une exp\u00e9rience de fonderie datant de ses cours universitaires, elle d\u00e9cide d&rsquo;explorer cette avenue qui l&rsquo;enthousiasme d\u00e8s les premiers essais. Voil\u00e0 que son parcours artistique prend un tournant d\u00e9cisif.<\/div>\n<\/div>\n<p><img decoding=\"async\" src=\"\/wp-content\/uploads\/Eruption_Duchesne_Jocelyne-2023-24x40-photo-Gilles-Roux%C2%A9.jpg\" alt=\"\"><\/p>\n<div>\n<p><em>Jocelyne Duchesne questionne la libert\u00e9 de cr\u00e9er.\u00a0<\/em><\/p>\n<p>Ses tableaux invitent \u00e0 scruter la mati\u00e8re color\u00e9e en profondeur et \u00e0 se projeter dans la multiplicit\u00e9 de traces et de textures qui construisent des abstractions vivantes et paisibles.<\/p>\n<p>\u00a0<\/p>\n<\/div>\n<h1>\n<p>Jocelyne<\/p>\n<p>Duchesne<\/p>\n<\/h1>\n<h1>\n<p>Jocelyne<\/p>\n<p>Duchesne<\/p>\n<\/h1>\n<h2>\n<p>artiste<\/p>\n<\/h2>\n<h2>\n<p>artiste<\/p>\n<\/h2>\n<div>\n<div>Artiste professionnellement reconnue pour l&rsquo;originalit\u00e9 de ses oeuvres et son implication dans les milieux culturel et artistique, Jocelyne Duchesne a d\u00e9but\u00e9 sa carri\u00e8re en tant que peintre. Curieuse, elle aime explorer et ses recherches de mat\u00e9riaux en peinture l&rsquo;ont amen\u00e9e vers les techniques mixtes pour ensuite aller vers les \u0153uvres en trois dimensions 3D.<\/div>\n<div>\u00a0<\/div>\n<div>Profitant d&rsquo;une exp\u00e9rience de fonderie datant de ses cours universitaires, elle d\u00e9cide d&rsquo;explorer cette avenue qui l&rsquo;enthousiasme d\u00e8s les premiers essais. Voil\u00e0 que son parcours artistique prend un tournant d\u00e9cisif.<\/div>\n<\/div>\n<div>\n<div>Artiste professionnellement reconnue pour l&rsquo;originalit\u00e9 de ses oeuvres et son implication dans les milieux culturel et artistique, Jocelyne Duchesne a d\u00e9but\u00e9 sa carri\u00e8re en tant que peintre. Curieuse, elle aime explorer et ses recherches de mat\u00e9riaux en peinture l&rsquo;ont amen\u00e9e vers les techniques mixtes pour ensuite aller vers les \u0153uvres en trois dimensions 3D.<\/div>\n<div>\u00a0<\/div>\n<div>Profitant d&rsquo;une exp\u00e9rience de fonderie datant de ses cours universitaires, elle d\u00e9cide d&rsquo;explorer cette avenue qui l&rsquo;enthousiasme d\u00e8s les premiers essais. Voil\u00e0 que son parcours artistique prend un tournant d\u00e9cisif.<\/div>\n<\/div>\n<p><img decoding=\"async\" src=\"\/wp-content\/uploads\/ArgileTurquoiseCuivree_2024_24x30_JocelyneDuchesne.jpg\" alt=\"\"><\/p>\n<p><!--more--><br \/>\n<!-- {\"name\":\"Home\",\"type\":\"layout\",\"children\":[{\"name\":\"Accueil\",\"type\":\"section\",\"props\":{\"animation\":\"fade\",\"class\":\"uk-visible@s\",\"header_transparent\":true,\"header_transparent_noplaceholder\":false,\"header_transparent_text_color\":\"light\",\"height\":\"viewport\",\"height_offset_top\":true,\"height_viewport\":80,\"image_height\":\"1440\",\"image_position\":\"center-center\",\"image_size\":\"cover\",\"image_width\":\"2560\",\"padding\":\"none\",\"padding_remove_top\":false,\"style\":\"secondary\",\"title\":\"photo : Gilles Roux\\u00a9\",\"title_breakpoint\":\"l\",\"title_position\":\"center-right\",\"title_rotation\":\"left\",\"vertical_align\":\"middle\",\"width\":\"default\"},\"children\":[{\"type\":\"row\",\"children\":[{\"type\":\"column\",\"props\":{\"image_position\":\"center-center\",\"position_sticky_breakpoint\":\"m\"},\"children\":[{\"type\":\"headline\",\"props\":{\"animation\":\"slide-left-medium\",\"block_align\":\"center\",\"class\":\"uk-visible@s\",\"content\":\"\n\n<p>Jocelyne<\\\/p>\\n\n\n<p>Duchesne<\\\/p>\",\"margin\":\"default\",\"maxwidth\":\"xlarge\",\"position\":\"relative\",\"position_top\":\"0\",\"text_align\":\"right\",\"title_element\":\"h1\",\"title_style\":\"heading-medium\"}},{\"name\":\"Titre-mobile\",\"type\":\"headline\",\"props\":{\"animation\":\"slide-left-medium\",\"block_align\":\"center\",\"class\":\"uk-hidden@s\",\"content\":\"\n\n<p>Jocelyne<\\\/p>\\n\n\n<p>Duchesne<\\\/p>\",\"margin\":\"default\",\"maxwidth\":\"xlarge\",\"position\":\"relative\",\"position_top\":\"0\",\"text_align\":\"center\",\"title_element\":\"h1\",\"title_style\":\"heading-medium\"}},{\"name\":\"sous-titre mobile\",\"type\":\"headline\",\"props\":{\"animation\":\"slide-left-medium\",\"block_align\":\"center\",\"class\":\"uk-hidden@s\",\"content\":\"\n\n<p>artiste<\\\/p>\",\"margin\":\"default\",\"maxwidth\":\"xlarge\",\"position\":\"relative\",\"position_top\":\"0\",\"text_align\":\"center\",\"title_color\":\"primary\",\"title_element\":\"h2\",\"title_style\":\"heading-medium\"}},{\"type\":\"headline\",\"props\":{\"animation\":\"slide-left-medium\",\"block_align\":\"center\",\"class\":\"uk-visible@s\",\"content\":\"\n\n<p>artiste<\\\/p>\",\"margin\":\"default\",\"maxwidth\":\"xlarge\",\"position\":\"relative\",\"position_top\":\"0\",\"text_align\":\"right\",\"title_color\":\"primary\",\"title_element\":\"h2\",\"title_style\":\"heading-medium\"}},{\"type\":\"button\",\"props\":{\"grid_column_gap\":\"small\",\"grid_row_gap\":\"small\",\"margin\":\"default\",\"status\":\"disabled\"},\"children\":[{\"type\":\"button_item\",\"props\":{\"button_style\":\"primary\",\"content\":\"\\u00ab Noirs COBALT \\u00bb 2021\",\"dialog_layout\":\"modal\",\"dialog_offcanvas_flip\":true,\"icon\":\"arrow-right\",\"icon_align\":\"right\",\"link\":\"index.php?page_id=1588\",\"link_title\":\"Visitez ma derni\\u00e8re exposition\"}}]},{\"type\":\"text\",\"props\":{\"class\":\"uk-hidden@s\",\"column_breakpoint\":\"m\",\"content\":\"\n\n<div>Artiste professionnellement reconnue pour l'originalit\\u00e9 de ses \\u0153uvres et son implication dans les milieux culturel et artistique, Jocelyne Duchesne a d\\u00e9but\\u00e9 sa carri\\u00e8re en tant que peintre. Curieuse, elle aime explorer et ses recherches de mat\\u00e9riaux en peinture l'ont amen\\u00e9e vers les techniques mixtes pour ensuite aller vers les \\u0153uvres en trois dimensions 3D.<\\\/div>\\n\n\n<div>\\u00a0<\\\/div>\\n\n\n<div>Profitant d'une exp\\u00e9rience de fonderie datant de ses cours universitaires, elle d\\u00e9cide d'explorer cette avenue qui l'enthousiasme d\\u00e8s les premiers essais. Voil\\u00e0 que son parcours artistique prend un tournant d\\u00e9cisif.<\\\/div>\",\"margin\":\"medium\",\"text_align\":\"center\",\"text_color\":\"primary\"},\"name\":\"Intro mobile\"},{\"type\":\"image\",\"props\":{\"image\":\"wp-content\\\/uploads\\\/Eruption_Duchesne_Jocelyne-2023-24x40-photo-Gilles-Roux\\u00a9.jpg\",\"image_svg_color\":\"emphasis\",\"margin\":\"default\"}},{\"type\":\"text\",\"props\":{\"class\":\"uk-visible@s\",\"column_breakpoint\":\"m\",\"content\":\"\n\n<p><em>Jocelyne Duchesne questionne la libert\\u00e9 de cr\\u00e9er.\\u00a0<\\\/em><\\\/p>\\n\n\n<p>Ses tableaux invitent \\u00e0 scruter la mati\\u00e8re color\\u00e9e en profondeur et \\u00e0 se projeter dans la multiplicit\\u00e9 de traces et de textures qui construisent des abstractions vivantes et paisibles.<\\\/p>\\n\n\n<p>\\u00a0<\\\/p>\",\"dropcap\":false,\"margin\":\"medium\",\"text_align\":\"left\",\"text_color\":\"primary\"},\"name\":\"Intro\"}]}]}]},{\"name\":\"Accueil\",\"type\":\"section\",\"props\":{\"animation\":\"fade\",\"class\":\"uk-visible@s\",\"header_transparent\":true,\"header_transparent_noplaceholder\":false,\"header_transparent_text_color\":\"light\",\"height\":\"viewport\",\"height_offset_top\":true,\"height_viewport\":80,\"image_height\":\"1440\",\"image_position\":\"center-center\",\"image_size\":\"cover\",\"image_width\":\"2560\",\"padding\":\"none\",\"padding_remove_top\":false,\"status\":\"disabled\",\"style\":\"secondary\",\"title\":\"photo : Gilles Roux\\u00a9\",\"title_breakpoint\":\"l\",\"title_position\":\"center-right\",\"title_rotation\":\"left\",\"vertical_align\":\"middle\",\"width\":\"default\"},\"children\":[{\"type\":\"row\",\"props\":{\"layout\":\"1-2,1-2\"},\"children\":[{\"type\":\"column\",\"props\":{\"image_position\":\"center-center\",\"position_sticky_breakpoint\":\"m\",\"width_medium\":\"1-2\"},\"children\":[{\"type\":\"headline\",\"props\":{\"animation\":\"slide-left-medium\",\"block_align\":\"center\",\"class\":\"uk-visible@s\",\"content\":\"\n\n<p>Jocelyne<\\\/p>\\n\n\n<p>Duchesne<\\\/p>\",\"margin\":\"default\",\"maxwidth\":\"xlarge\",\"position\":\"relative\",\"position_top\":\"0\",\"text_align\":\"right\",\"title_element\":\"h1\",\"title_style\":\"heading-medium\"}},{\"name\":\"Titre-mobile\",\"type\":\"headline\",\"props\":{\"animation\":\"slide-left-medium\",\"block_align\":\"center\",\"class\":\"uk-hidden@s\",\"content\":\"\n\n<p>Jocelyne<\\\/p>\\n\n\n<p>Duchesne<\\\/p>\",\"margin\":\"default\",\"maxwidth\":\"xlarge\",\"position\":\"relative\",\"position_top\":\"0\",\"text_align\":\"center\",\"title_element\":\"h1\",\"title_style\":\"heading-medium\"}},{\"name\":\"sous-titre mobile\",\"type\":\"headline\",\"props\":{\"animation\":\"slide-left-medium\",\"block_align\":\"center\",\"class\":\"uk-hidden@s\",\"content\":\"\n\n<p>artiste<\\\/p>\",\"margin\":\"default\",\"maxwidth\":\"xlarge\",\"position\":\"relative\",\"position_top\":\"0\",\"text_align\":\"center\",\"title_color\":\"primary\",\"title_element\":\"h2\",\"title_style\":\"heading-medium\"}},{\"type\":\"headline\",\"props\":{\"animation\":\"slide-left-medium\",\"block_align\":\"center\",\"class\":\"uk-visible@s\",\"content\":\"\n\n<p>artiste<\\\/p>\",\"margin\":\"default\",\"maxwidth\":\"xlarge\",\"position\":\"relative\",\"position_top\":\"0\",\"text_align\":\"right\",\"title_color\":\"primary\",\"title_element\":\"h2\",\"title_style\":\"heading-medium\"}},{\"type\":\"text\",\"props\":{\"class\":\"uk-visible@s\",\"column_breakpoint\":\"m\",\"content\":\"\n\n<p>Curieuse et intuitive, Jocelyne Duchesne s\\u2019exprime par la peinture et la sculpture. Du m\\u00e9tal vers le bois d\\u2019arbres r\\u00e9cup\\u00e9r\\u00e9s, elle op\\u00e8re une v\\u00e9ritable transition en adoptant l\\u2019argile comme m\\u00e9dium de cr\\u00e9ation pour l\\u2019installation <strong>\\u00ab Noirs COBALT \\u00bb<\\\/strong>.<\\\/p>\\n\n\n<p>Inspir\\u00e9e de ses voyages au S\\u00e9n\\u00e9gal, au Mexique et au Guatemala, son \\u00e9lan pour s\\u2019approprier la mati\\u00e8re vivante en lien avec les quatre \\u00e9l\\u00e9ments exacerbe un r\\u00e9el plaisir de cr\\u00e9er \\u00e0 mains nues. Le fa\\u00e7onnage de l\\u2019argile instaure un corps \\u00e0 corps instinctif et spontan\\u00e9. Cette danse \\u00e0 saveur tribale favorise le dialogue et provoque l\\u2019\\u00e9mergence d\\u2019un savoir enfoui qui s\\u2019inscrit dans la chair de la m\\u00e8re-terre, avec des objets du quotidien. Ses pictogrammes communicationnels d\\u2019avant l\\u2019\\u00e9criture marquent le passage de l\\u2019humain sur le territoire \\u00e0 travers les \\u00e2ges et \\u00ab\\u00a0Noirs COBALT\\u00a0\\u00bb nous les pr\\u00e9sente comme un rituel dans un espace sacr\\u00e9. Telles des capsules temporelles, ses art\\u00e9facts \\u00e9voquent des vestiges arch\\u00e9ologiques \\u00e0 ciel ouvert.<\\\/p>\",\"margin\":\"medium\",\"text_align\":\"left\",\"text_color\":\"primary\"},\"name\":\"Intro\"},{\"type\":\"button\",\"props\":{\"grid_column_gap\":\"small\",\"grid_row_gap\":\"small\",\"margin\":\"default\",\"status\":\"disabled\"},\"children\":[{\"type\":\"button_item\",\"props\":{\"button_style\":\"primary\",\"content\":\"\\u00ab Noirs COBALT \\u00bb 2021\",\"dialog_layout\":\"modal\",\"dialog_offcanvas_flip\":true,\"icon\":\"arrow-right\",\"icon_align\":\"right\",\"link\":\"index.php?page_id=1588\",\"link_title\":\"Visitez ma derni\\u00e8re exposition\"}}]},{\"type\":\"text\",\"props\":{\"class\":\"uk-hidden@s\",\"column_breakpoint\":\"m\",\"content\":\"\n\n<div>Artiste professionnellement reconnue pour l'originalit\\u00e9 de ses \\u0153uvres et son implication dans les milieux culturel et artistique, Jocelyne Duchesne a d\\u00e9but\\u00e9 sa carri\\u00e8re en tant que peintre. Curieuse, elle aime explorer et ses recherches de mat\\u00e9riaux en peinture l'ont amen\\u00e9e vers les techniques mixtes pour ensuite aller vers les \\u0153uvres en trois dimensions 3D.<\\\/div>\\n\n\n<div>\\u00a0<\\\/div>\\n\n\n<div>Profitant d'une exp\\u00e9rience de fonderie datant de ses cours universitaires, elle d\\u00e9cide d'explorer cette avenue qui l'enthousiasme d\\u00e8s les premiers essais. Voil\\u00e0 que son parcours artistique prend un tournant d\\u00e9cisif.<\\\/div>\",\"margin\":\"medium\",\"text_align\":\"center\",\"text_color\":\"primary\"},\"name\":\"Intro mobile\"}]},{\"type\":\"column\",\"props\":{\"image_position\":\"center-center\",\"position_sticky_breakpoint\":\"m\",\"width_medium\":\"1-2\"},\"children\":[{\"type\":\"image\",\"props\":{\"image\":\"wp-content\\\/uploads\\\/Eruption_Duchesne_Jocelyne-2023-24x40-photo-Gilles-Roux\\u00a9.jpg\",\"image_svg_color\":\"emphasis\",\"margin\":\"default\"}},{\"type\":\"image\",\"props\":{\"class\":\"uk-visible@s\",\"image\":\"wp-content\\\/uploads\\\/Monosyllabe_Duchesne_Jocelyne-2023-30x30po.photo-Gilles-Roux\\u00a9.jpg\",\"image_height\":680,\"image_svg_color\":\"emphasis\",\"margin\":\"default\"}}]}]}]},{\"name\":\"Accueil-mobile\",\"type\":\"section\",\"props\":{\"animation\":\"fade\",\"class\":\"uk-hidden@s\",\"header_transparent\":true,\"header_transparent_noplaceholder\":false,\"header_transparent_text_color\":\"light\",\"height\":\"viewport\",\"height_viewport\":80,\"image_height\":\"1440\",\"image_position\":\"center-center\",\"image_size\":\"cover\",\"image_width\":\"2560\",\"padding\":\"none\",\"padding_remove_top\":false,\"style\":\"secondary\",\"title\":\"photo : Le Nouvelliste\",\"title_breakpoint\":\"l\",\"title_position\":\"center-right\",\"title_rotation\":\"left\",\"vertical_align\":\"middle\",\"width\":\"default\"},\"children\":[{\"type\":\"row\",\"props\":{\"layout\":\"1-2,1-2\"},\"children\":[{\"type\":\"column\",\"props\":{\"image_position\":\"center-center\",\"position_sticky_breakpoint\":\"m\",\"width_medium\":\"1-2\"},\"children\":[{\"type\":\"headline\",\"props\":{\"animation\":\"slide-left-medium\",\"block_align\":\"center\",\"class\":\"uk-visible@s\",\"content\":\"\n\n<p>Jocelyne<\\\/p>\\n\n\n<p>Duchesne<\\\/p>\",\"margin\":\"default\",\"maxwidth\":\"xlarge\",\"position\":\"relative\",\"position_top\":\"0\",\"text_align\":\"right\",\"title_element\":\"h1\",\"title_style\":\"heading-medium\"}},{\"type\":\"image\",\"props\":{\"image\":\"wp-content\\\/uploads\\\/TextureBleutee_2025_JocelyneDuchesne_40x24po.jpg\",\"image_svg_color\":\"emphasis\",\"margin\":\"default\",\"status\":\"disabled\"}}]},{\"type\":\"column\",\"props\":{\"image_position\":\"center-center\",\"position_sticky_breakpoint\":\"m\",\"width_medium\":\"1-2\"},\"children\":[{\"name\":\"Titre-mobile\",\"type\":\"headline\",\"props\":{\"animation\":\"slide-left-medium\",\"block_align\":\"center\",\"class\":\"uk-hidden@s\",\"content\":\"\n\n<p>Jocelyne<\\\/p>\\n\n\n<p>Duchesne<\\\/p>\",\"margin\":\"default\",\"maxwidth\":\"xlarge\",\"position\":\"relative\",\"position_top\":\"0\",\"text_align\":\"center\",\"title_element\":\"h1\",\"title_style\":\"heading-medium\"}},{\"name\":\"sous-titre mobile\",\"type\":\"headline\",\"props\":{\"animation\":\"slide-left-medium\",\"block_align\":\"center\",\"class\":\"uk-hidden@s\",\"content\":\"\n\n<p>artiste<\\\/p>\",\"margin\":\"default\",\"maxwidth\":\"xlarge\",\"position\":\"relative\",\"position_top\":\"0\",\"text_align\":\"center\",\"title_color\":\"primary\",\"title_element\":\"h2\",\"title_style\":\"heading-medium\"}},{\"type\":\"headline\",\"props\":{\"animation\":\"slide-left-medium\",\"block_align\":\"center\",\"class\":\"uk-visible@s\",\"content\":\"\n\n<p>artiste<\\\/p>\",\"margin\":\"default\",\"maxwidth\":\"xlarge\",\"position\":\"relative\",\"position_top\":\"0\",\"text_align\":\"right\",\"title_color\":\"primary\",\"title_element\":\"h2\",\"title_style\":\"heading-medium\"}},{\"type\":\"text\",\"props\":{\"class\":\"uk-visible@s\",\"column_breakpoint\":\"m\",\"content\":\"\n\n<div>Artiste professionnellement reconnue pour l'originalit\\u00e9 de ses oeuvres et son implication dans les milieux culturel et artistique, Jocelyne Duchesne a d\\u00e9but\\u00e9 sa carri\\u00e8re en tant que peintre. Curieuse, elle aime explorer et ses recherches de mat\\u00e9riaux en peinture l'ont amen\\u00e9e vers les techniques mixtes pour ensuite aller vers les \\u0153uvres en trois dimensions 3D.<\\\/div>\\n\n\n<div>\\u00a0<\\\/div>\\n\n\n<div>Profitant d'une exp\\u00e9rience de fonderie datant de ses cours universitaires, elle d\\u00e9cide d'explorer cette avenue qui l'enthousiasme d\\u00e8s les premiers essais. Voil\\u00e0 que son parcours artistique prend un tournant d\\u00e9cisif.<\\\/div>\",\"margin\":\"medium\",\"text_align\":\"right\",\"text_color\":\"primary\"},\"name\":\"Intro\"},{\"type\":\"text\",\"props\":{\"class\":\"uk-hidden@s\",\"column_breakpoint\":\"m\",\"content\":\"\n\n<div>Artiste professionnellement reconnue pour l'originalit\\u00e9 de ses oeuvres et son implication dans les milieux culturel et artistique, Jocelyne Duchesne a d\\u00e9but\\u00e9 sa carri\\u00e8re en tant que peintre. Curieuse, elle aime explorer et ses recherches de mat\\u00e9riaux en peinture l'ont amen\\u00e9e vers les techniques mixtes pour ensuite aller vers les \\u0153uvres en trois dimensions 3D.<\\\/div>\\n\n\n<div>\\u00a0<\\\/div>\\n\n\n<div>Profitant d'une exp\\u00e9rience de fonderie datant de ses cours universitaires, elle d\\u00e9cide d'explorer cette avenue qui l'enthousiasme d\\u00e8s les premiers essais. Voil\\u00e0 que son parcours artistique prend un tournant d\\u00e9cisif.<\\\/div>\",\"margin\":\"medium\",\"text_align\":\"center\",\"text_color\":\"primary\"},\"name\":\"Intro mobile\"},{\"type\":\"image\",\"props\":{\"image\":\"wp-content\\\/uploads\\\/ArgileTurquoiseCuivree_2024_24x30_JocelyneDuchesne.jpg\",\"image_svg_color\":\"emphasis\",\"margin\":\"default\"}}]}]}]}],\"version\":\"4.5.32\"} --><\/p>\n","protected":false},"excerpt":{"rendered":"<p>Jocelyne Duchesne Jocelyne Duchesne artiste artiste Artiste professionnellement reconnue pour l&rsquo;originalit\u00e9 de ses \u0153uvres et son implication dans les milieux culturel et artistique, Jocelyne Duchesne a d\u00e9but\u00e9 sa carri\u00e8re en tant que peintre. Curieuse, elle aime explorer et ses recherches de mat\u00e9riaux en peinture l&rsquo;ont amen\u00e9e vers les techniques mixtes pour ensuite aller vers les [&hellip;]<\/p>\n","protected":false},"author":1,"featured_media":0,"parent":0,"menu_order":3,"comment_status":"closed","ping_status":"closed","template":"","meta":{"footnotes":""},"class_list":["post-571","page","type-page","status-publish","hentry"],"jetpack_sharing_enabled":true,"_links":{"self":[{"href":"https:\/\/www.jocelyneduchesne.com\/index.php?rest_route=\/wp\/v2\/pages\/571","targetHints":{"allow":["GET"]}}],"collection":[{"href":"https:\/\/www.jocelyneduchesne.com\/index.php?rest_route=\/wp\/v2\/pages"}],"about":[{"href":"https:\/\/www.jocelyneduchesne.com\/index.php?rest_route=\/wp\/v2\/types\/page"}],"author":[{"embeddable":true,"href":"https:\/\/www.jocelyneduchesne.com\/index.php?rest_route=\/wp\/v2\/users\/1"}],"replies":[{"embeddable":true,"href":"https:\/\/www.jocelyneduchesne.com\/index.php?rest_route=%2Fwp%2Fv2%2Fcomments&post=571"}],"version-history":[{"count":77,"href":"https:\/\/www.jocelyneduchesne.com\/index.php?rest_route=\/wp\/v2\/pages\/571\/revisions"}],"predecessor-version":[{"id":2087,"href":"https:\/\/www.jocelyneduchesne.com\/index.php?rest_route=\/wp\/v2\/pages\/571\/revisions\/2087"}],"wp:attachment":[{"href":"https:\/\/www.jocelyneduchesne.com\/index.php?rest_route=%2Fwp%2Fv2%2Fmedia&parent=571"}],"curies":[{"name":"wp","href":"https:\/\/api.w.org\/{rel}","templated":true}]}}