{"id":1323,"date":"2020-10-06T21:06:36","date_gmt":"2020-10-07T01:06:36","guid":{"rendered":"https:\/\/www.jocelyneduchesne.com\/?page_id=1323"},"modified":"2021-02-12T11:31:47","modified_gmt":"2021-02-12T16:31:47","slug":"ready-made","status":"publish","type":"page","link":"https:\/\/www.jocelyneduchesne.com\/?page_id=1323","title":{"rendered":"Ready-Made"},"content":{"rendered":"<h1>Ready-Made<\/h1>\n<ul>\n<li>\n<p>        <a href=\"\/wp-content\/uploads\/Cossin-16-1.jpg\"><img decoding=\"async\" src=\"\/wp-content\/uploads\/Cossin-16-1.jpg\" alt=\"\"><\/a><\/p>\n<h3>\u00ab\u00a0Une fl\u00e8che dans le temps\u00a0\u00bb, 2016, bois, d\u00e9coupe industrielle d&rsquo;aluminium et canette, \u00e9mail et vernis.<\/h3>\n<\/li>\n<li>\n<p>        <a href=\"\/wp-content\/uploads\/Brut-et-sauvage16.jpg\"><img decoding=\"async\" src=\"\/wp-content\/uploads\/Brut-et-sauvage-16.jpg\" alt=\"\"><\/a><\/p>\n<h3>\u00ab\u00a0Totem\u00a0\u00bb 2016, fonte d&rsquo;aluminium, d\u00e9coupe industrielle, cannette, bois. Pi\u00e8ce unique.<\/h3>\n<\/li>\n<li>\n<p>        <a href=\"\/wp-content\/uploads\/20170129_145314.jpg\"><img decoding=\"async\" src=\"\/wp-content\/uploads\/20170129_145314-1.jpg\" alt=\"\"><\/a><\/p>\n<h3>\u00ab\u00a0La s\u00e8ve perl\u00e9e\u00a0\u00bb 2015, aluminium d\u00e9coupe industrielle, plumes, perles color\u00e9es, bois. Pi\u00e8ce unique. Vendue.<\/h3>\n<\/li>\n<li>\n<p>        <a href=\"\/wp-content\/uploads\/20161005_141708.jpg\"><img decoding=\"async\" src=\"\/wp-content\/uploads\/20161005_141708.jpg\" alt=\"\"><\/a><\/p>\n<h3>\u00ab\u00a0Le Coeur \u00e9chevel\u00e9\u00a0\u00bb 2016, fonte d&rsquo;aluminium, bois. Pi\u00e8ce unique.<\/h3>\n<\/li>\n<li>\n<p>        <a href=\"\/wp-content\/uploads\/20161005_141521.jpg\"><img decoding=\"async\" src=\"\/wp-content\/uploads\/20161005_141521.jpg\" alt=\"\"><\/a><\/p>\n<h3>\u00ab\u00a0La Rose \u00e9clat\u00e9e\u00a0\u00bb 2017, fonte d&rsquo;aluminium sur c\u00e8dre rouge. Pi\u00e8ce unique. Vendue.<\/h3>\n<\/li>\n<li>\n<p>        <a href=\"\/wp-content\/uploads\/GAL-JD_13.jpg\"><img decoding=\"async\" src=\"\/wp-content\/uploads\/GAL-JD_13.jpg\" alt=\"\"><\/a><\/p>\n<h3>\u00ab\u00a0\u00c0 coeur ouvert 3\u00a0\u00bb, 2017, bois, vernis. Pi\u00e8ce unique.<\/h3>\n<\/li>\n<li>\n<p>        <a href=\"\/index.php?page_id=21\"><img decoding=\"async\" src=\"\/wp-content\/uploads\/GAL-JD_12.jpg\" alt=\"\"><\/a><\/p>\n<h3>\u00ab\u00a0Le chausse-plume\u00a0\u00bb 2017, bois, \u00e9corce, plumes, vernis. Pi\u00e8ce unique.<\/h3>\n<\/li>\n<li>\n<p>        <a href=\"\/wp-content\/uploads\/GAL-JD_11.jpg\"><img decoding=\"async\" src=\"\/wp-content\/uploads\/GAL-JD_11.jpg\" alt=\"\"><\/a><\/p>\n<h3>\u00ab\u00a0L&rsquo;Envol\u00e9e\u00a0\u00bb 2017, bois, plumes, perles, pommes de pin. Pi\u00e8ce unique.<\/h3>\n<\/li>\n<li>\n<p>        <a href=\"\/wp-content\/uploads\/IMG00639-20131009-1303-1.jpg\"><img decoding=\"async\" src=\"\/wp-content\/uploads\/IMG00639-20131009-1303-1.jpg\" alt=\"\"><\/a><\/p>\n<h3>Cossin po\u00e9tique <\/h3>\n<div>\n<p>Tissu broche et cannette<\/p>\n<\/div>\n<\/li>\n<li>\n<p>        <a href=\"\/wp-content\/uploads\/IMG00640-20131009-1303-1.jpg\"><img decoding=\"async\" src=\"\/wp-content\/uploads\/IMG00640-20131009-1303-1.jpg\" alt=\"\"><\/a><\/p>\n<h3>Cossins po\u00e9tiques<\/h3>\n<div>\n<p>Cossins po\u00e9tiques, tissus, broche et cannettes.<\/p>\n<\/div>\n<\/li>\n<\/ul>\n<p><!-- {\"type\":\"layout\",\"children\":[{\"type\":\"section\",\"props\":{\"style\":\"secondary\",\"width\":\"\",\"vertical_align\":\"middle\",\"title_position\":\"top-left\",\"title_rotation\":\"left\",\"title_breakpoint\":\"xl\",\"image_position\":\"top-center\",\"padding\":\"small\",\"header_transparent\":\"light\",\"animation\":\"slide-left-small\",\"padding_remove_bottom\":true,\"animation_delay\":true,\"image\":\"wp-content\\\/uploads\\\/home-hero-bg.svg\"},\"children\":[{\"type\":\"row\",\"props\":{\"width\":\"default\",\"margin\":\"xlarge\"},\"children\":[{\"type\":\"column\",\"props\":{\"image_position\":\"center-center\",\"media_overlay_gradient\":\"\",\"width_medium\":\"1-1\"},\"children\":[{\"type\":\"headline\",\"props\":{\"title_element\":\"h1\",\"title_color\":\"primary\",\"margin\":\"small\",\"content\":\"Ready-Made\",\"margin_remove_bottom\":false}}]}]},{\"type\":\"row\",\"children\":[{\"type\":\"column\",\"props\":{\"image_position\":\"center-center\",\"media_overlay_gradient\":\"\",\"width_medium\":\"1-1\"},\"children\":[{\"type\":\"gallery\",\"props\":{\"show_title\":true,\"show_meta\":true,\"show_content\":true,\"show_link\":true,\"show_hover_image\":true,\"grid_default\":\"1\",\"grid_medium\":\"3\",\"filter_style\":\"tab\",\"filter_all\":true,\"filter_position\":\"top\",\"filter_align\":\"center\",\"filter_grid_width\":\"auto\",\"overlay_mode\":\"cover\",\"overlay_hover\":true,\"overlay_style\":\"overlay-primary\",\"text_color\":\"light\",\"overlay_position\":\"center\",\"overlay_transition\":\"fade\",\"title_element\":\"h3\",\"meta_style\":\"meta\",\"meta_align\":\"below-title\",\"link_text\":\"\",\"link_style\":\"default\",\"text_align\":\"left\",\"margin\":\"remove-vertical\",\"item_animation\":\"\",\"grid_small\":\"2\",\"filter_margin\":\"medium\",\"image_width\":\"835\",\"filter\":false,\"grid_column_gap\":\"small\",\"grid_row_gap\":\"small\",\"filter_grid_breakpoint\":\"m\",\"overlay_link\":true,\"title_hover_style\":\"reset\",\"grid_masonry\":true,\"meta_element\":\"div\"},\"children\":[{\"type\":\"gallery_item\",\"props\":{\"title\":\"\\\"Une fl\\u00e8che dans le temps\\\", 2016, bois, d\\u00e9coupe industrielle d'aluminium et canette, \\u00e9mail et vernis.\",\"image\":\"wp-content\\\/uploads\\\/Cossin-16-1.jpg\",\"tags\":\"Ready-made\",\"link\":\"wp-content\\\/uploads\\\/Cossin-16-1.jpg\"}},{\"type\":\"gallery_item\",\"props\":{\"title\":\"\\\"Totem\\\" 2016, fonte d'aluminium, d\\u00e9coupe industrielle, cannette, bois. Pi\\u00e8ce unique.\",\"image\":\"wp-content\\\/uploads\\\/Brut-et-sauvage-16.jpg\",\"tags\":\"Ready-made\",\"link\":\"wp-content\\\/uploads\\\/Brut-et-sauvage16.jpg\"}},{\"type\":\"gallery_item\",\"props\":{\"title\":\"\\\"La s\\u00e8ve perl\\u00e9e\\\" 2015, aluminium d\\u00e9coupe industrielle, plumes, perles color\\u00e9es, bois. Pi\\u00e8ce unique. Vendue.\",\"image\":\"wp-content\\\/uploads\\\/20170129_145314-1.jpg\",\"image_alt\":\"\",\"tags\":\"Ready-made\",\"link\":\"wp-content\\\/uploads\\\/20170129_145314.jpg\"}},{\"type\":\"gallery_item\",\"props\":{\"title\":\"\\\"Le Coeur \\u00e9chevel\\u00e9\\\" 2016, fonte d'aluminium, bois. Pi\\u00e8ce unique.\",\"image\":\"wp-content\\\/uploads\\\/20161005_141708.jpg\",\"tags\":\"Ready-made\",\"link\":\"wp-content\\\/uploads\\\/20161005_141708.jpg\"}},{\"type\":\"gallery_item\",\"props\":{\"title\":\"\\\"La Rose \\u00e9clat\\u00e9e\\\" 2017, fonte d'aluminium sur c\\u00e8dre rouge. Pi\\u00e8ce unique. Vendue.\",\"image\":\"wp-content\\\/uploads\\\/20161005_141521.jpg\",\"tags\":\"Ready-made\",\"link\":\"wp-content\\\/uploads\\\/20161005_141521.jpg\"}},{\"type\":\"gallery_item\",\"props\":{\"title\":\"\\\"\\u00c0 coeur ouvert 3\\\", 2017, bois, vernis. Pi\\u00e8ce unique.\",\"image\":\"wp-content\\\/uploads\\\/GAL-JD_13.jpg\",\"tags\":\"Ready-made\",\"link\":\"wp-content\\\/uploads\\\/GAL-JD_13.jpg\"}},{\"type\":\"gallery_item\",\"props\":{\"title\":\"\\\"Le chausse-plume\\\" 2017, bois, \\u00e9corce, plumes, vernis. Pi\\u00e8ce unique.\",\"image\":\"wp-content\\\/uploads\\\/GAL-JD_12.jpg\",\"tags\":\"Ready-made\",\"link\":\"index.php?page_id=21\"}},{\"type\":\"gallery_item\",\"props\":{\"title\":\"\\\"L'Envol\\u00e9e\\\" 2017, bois, plumes, perles, pommes de pin. Pi\\u00e8ce unique.\",\"image\":\"wp-content\\\/uploads\\\/GAL-JD_11.jpg\",\"tags\":\"Ready-made\",\"link\":\"wp-content\\\/uploads\\\/GAL-JD_11.jpg\"}},{\"type\":\"gallery_item\",\"props\":{\"image\":\"wp-content\\\/uploads\\\/IMG00639-20131009-1303-1.jpg\",\"link\":\"wp-content\\\/uploads\\\/IMG00639-20131009-1303-1.jpg\",\"title\":\"Cossin po\\u00e9tique \",\"content\":\"\n\n<p>Tissu broche et cannette<\\\/p>\"}},{\"type\":\"gallery_item\",\"props\":{\"image\":\"wp-content\\\/uploads\\\/IMG00640-20131009-1303-1.jpg\",\"link\":\"wp-content\\\/uploads\\\/IMG00640-20131009-1303-1.jpg\",\"title\":\"Cossins po\\u00e9tiques\",\"content\":\"\n\n<p>Cossins po\\u00e9tiques, tissus, broche et cannettes.<\\\/p>\"}}],\"name\":\"Sculpture - Ready-Made\"}]}]}],\"name\":\"Base Sculpture - sous-onglets\"}],\"version\":\"2.3.31\"} --><\/p>\n","protected":false},"excerpt":{"rendered":"<p>Ready-Made \u00ab\u00a0Une fl\u00e8che dans le temps\u00a0\u00bb, 2016, bois, d\u00e9coupe industrielle d&rsquo;aluminium et canette, \u00e9mail et vernis. \u00ab\u00a0Totem\u00a0\u00bb 2016, fonte d&rsquo;aluminium, d\u00e9coupe industrielle, cannette, bois. Pi\u00e8ce unique. \u00ab\u00a0La s\u00e8ve perl\u00e9e\u00a0\u00bb 2015, aluminium d\u00e9coupe industrielle, plumes, perles color\u00e9es, bois. Pi\u00e8ce unique. Vendue. \u00ab\u00a0Le Coeur \u00e9chevel\u00e9\u00a0\u00bb 2016, fonte d&rsquo;aluminium, bois. Pi\u00e8ce unique. \u00ab\u00a0La Rose \u00e9clat\u00e9e\u00a0\u00bb 2017, fonte d&rsquo;aluminium [&hellip;]<\/p>\n","protected":false},"author":2,"featured_media":0,"parent":0,"menu_order":0,"comment_status":"closed","ping_status":"closed","template":"","meta":{"footnotes":""},"class_list":["post-1323","page","type-page","status-publish","hentry"],"jetpack_sharing_enabled":true,"_links":{"self":[{"href":"https:\/\/www.jocelyneduchesne.com\/index.php?rest_route=\/wp\/v2\/pages\/1323","targetHints":{"allow":["GET"]}}],"collection":[{"href":"https:\/\/www.jocelyneduchesne.com\/index.php?rest_route=\/wp\/v2\/pages"}],"about":[{"href":"https:\/\/www.jocelyneduchesne.com\/index.php?rest_route=\/wp\/v2\/types\/page"}],"author":[{"embeddable":true,"href":"https:\/\/www.jocelyneduchesne.com\/index.php?rest_route=\/wp\/v2\/users\/2"}],"replies":[{"embeddable":true,"href":"https:\/\/www.jocelyneduchesne.com\/index.php?rest_route=%2Fwp%2Fv2%2Fcomments&post=1323"}],"version-history":[{"count":26,"href":"https:\/\/www.jocelyneduchesne.com\/index.php?rest_route=\/wp\/v2\/pages\/1323\/revisions"}],"predecessor-version":[{"id":1482,"href":"https:\/\/www.jocelyneduchesne.com\/index.php?rest_route=\/wp\/v2\/pages\/1323\/revisions\/1482"}],"wp:attachment":[{"href":"https:\/\/www.jocelyneduchesne.com\/index.php?rest_route=%2Fwp%2Fv2%2Fmedia&parent=1323"}],"curies":[{"name":"wp","href":"https:\/\/api.w.org\/{rel}","templated":true}]}}