{"id":1301,"date":"2020-10-06T20:57:41","date_gmt":"2020-10-07T00:57:41","guid":{"rendered":"https:\/\/www.jocelyneduchesne.com\/?page_id=1301"},"modified":"2021-02-12T10:39:55","modified_gmt":"2021-02-12T15:39:55","slug":"sculpture-cossins-poetiques","status":"publish","type":"page","link":"https:\/\/www.jocelyneduchesne.com\/?page_id=1301","title":{"rendered":"Sculpture &#8211; Bijoux"},"content":{"rendered":"<h1>Sculpture &#8211; Bijoux<\/h1>\n<ul>\n<li>\n<p>        <a href=\"\/wp-content\/uploads\/1_Argent925.jpg\"><img decoding=\"async\" src=\"\/wp-content\/uploads\/1_Argent925.jpg\" alt=\"\"><\/a><\/p>\n<h3>Argent 925 &#8211; 01<\/h3>\n<\/li>\n<li>\n<p>        <a href=\"\/wp-content\/uploads\/2_Argent925.jpg\"><img decoding=\"async\" src=\"\/wp-content\/uploads\/2_Argent925.jpg\" alt=\"\"><\/a><\/p>\n<h3>Argent 925 &#8211; 02<\/h3>\n<\/li>\n<li>\n<p>        <a href=\"\/wp-content\/uploads\/3_Argent925.jpg\"><img decoding=\"async\" src=\"\/wp-content\/uploads\/3_Argent925.jpg\" alt=\"\"><\/a><\/p>\n<h3>Argent 925 &#8211; 03<\/h3>\n<\/li>\n<li>\n<p>        <a href=\"\/index.php?page_id=23\"><img decoding=\"async\" src=\"\/wp-content\/uploads\/Bracelet_Inusite.jpg\" alt=\"\"><\/a><\/p>\n<h3>Bracelet inusit\u00e9<\/h3>\n<\/li>\n<li>\n<p>        <a href=\"\/index.php?page_id=23\"><img decoding=\"async\" src=\"\/wp-content\/uploads\/Collier_Inusite.jpg\" alt=\"\"><\/a><\/p>\n<h3>Collier inusit\u00e9<\/h3>\n<\/li>\n<li>\n<p>        <a href=\"\/index.php?page_id=23\"><img decoding=\"async\" src=\"\/wp-content\/uploads\/Veste_a_Canettes.jpg\" alt=\"\"><\/a><\/p>\n<h3>Veste \u00e0 canettes<\/h3>\n<\/li>\n<li>\n<p>        <a href=\"\/index.php?page_id=23\"><img decoding=\"async\" src=\"\/wp-content\/uploads\/Epinglette-LoisirsTrois-Rivieres.jpg\" alt=\"\"><\/a><\/p>\n<h3>\u00c9pinglette Loisirs de Trois-Rivi\u00e8res<\/h3>\n<\/li>\n<\/ul>\n<p><!-- {\"type\":\"layout\",\"children\":[{\"type\":\"section\",\"props\":{\"style\":\"secondary\",\"width\":\"\",\"vertical_align\":\"middle\",\"title_position\":\"top-left\",\"title_rotation\":\"left\",\"title_breakpoint\":\"xl\",\"image_position\":\"top-center\",\"padding\":\"small\",\"header_transparent\":\"light\",\"animation\":\"slide-left-small\",\"padding_remove_bottom\":true,\"animation_delay\":true,\"image\":\"wp-content\\\/uploads\\\/home-hero-bg.svg\"},\"children\":[{\"type\":\"row\",\"props\":{\"width\":\"default\",\"margin\":\"xlarge\"},\"children\":[{\"type\":\"column\",\"props\":{\"image_position\":\"center-center\",\"media_overlay_gradient\":\"\",\"width_medium\":\"1-1\"},\"children\":[{\"type\":\"headline\",\"props\":{\"title_element\":\"h1\",\"title_color\":\"primary\",\"margin\":\"small\",\"content\":\"Sculpture - Bijoux\",\"margin_remove_bottom\":false}}]}]},{\"type\":\"row\",\"children\":[{\"type\":\"column\",\"props\":{\"image_position\":\"center-center\",\"media_overlay_gradient\":\"\",\"width_medium\":\"1-1\"},\"children\":[{\"type\":\"gallery\",\"props\":{\"show_title\":true,\"show_meta\":true,\"show_content\":true,\"show_link\":true,\"show_hover_image\":true,\"grid_default\":\"1\",\"grid_medium\":\"3\",\"filter_style\":\"tab\",\"filter_all\":true,\"filter_position\":\"top\",\"filter_align\":\"center\",\"filter_grid_width\":\"auto\",\"overlay_mode\":\"cover\",\"overlay_hover\":true,\"overlay_style\":\"overlay-primary\",\"text_color\":\"light\",\"overlay_position\":\"center\",\"overlay_transition\":\"fade\",\"title_element\":\"h3\",\"meta_style\":\"meta\",\"meta_align\":\"below-title\",\"link_text\":\"\",\"link_style\":\"default\",\"text_align\":\"left\",\"margin\":\"remove-vertical\",\"item_animation\":\"\",\"grid_small\":\"2\",\"filter_margin\":\"medium\",\"image_width\":\"835\",\"filter\":false,\"grid_column_gap\":\"small\",\"grid_row_gap\":\"small\",\"filter_grid_breakpoint\":\"m\",\"overlay_link\":true,\"title_hover_style\":\"reset\",\"grid_masonry\":true,\"meta_element\":\"div\",\"lightbox\":true,\"lightbox_image_orientation\":true},\"children\":[{\"type\":\"gallery_item\",\"props\":{\"title\":\"Argent 925 - 01\",\"image\":\"wp-content\\\/uploads\\\/1_Argent925.jpg\",\"tags\":\"Bijoux inusit\\u00e9s\",\"link\":\"wp-content\\\/uploads\\\/1_Argent925.jpg\"}},{\"type\":\"gallery_item\",\"props\":{\"title\":\"Argent 925 - 02\",\"image\":\"wp-content\\\/uploads\\\/2_Argent925.jpg\",\"tags\":\"Bijoux inusit\\u00e9s\",\"link\":\"wp-content\\\/uploads\\\/2_Argent925.jpg\"}},{\"type\":\"gallery_item\",\"props\":{\"title\":\"Argent 925 - 03\",\"image\":\"wp-content\\\/uploads\\\/3_Argent925.jpg\",\"tags\":\"Bijoux inusit\\u00e9s\",\"link\":\"wp-content\\\/uploads\\\/3_Argent925.jpg\"}},{\"type\":\"gallery_item\",\"props\":{\"title\":\"Bracelet inusit\\u00e9\",\"image\":\"wp-content\\\/uploads\\\/Bracelet_Inusite.jpg\",\"tags\":\"Bijoux inusit\\u00e9s\",\"link\":\"index.php?page_id=23\"}},{\"type\":\"gallery_item\",\"props\":{\"title\":\"Collier inusit\\u00e9\",\"image\":\"wp-content\\\/uploads\\\/Collier_Inusite.jpg\",\"tags\":\"Bijoux inusit\\u00e9s\",\"link\":\"index.php?page_id=23\"}},{\"type\":\"gallery_item\",\"props\":{\"title\":\"Veste \\u00e0 canettes\",\"image\":\"wp-content\\\/uploads\\\/Veste_a_Canettes.jpg\",\"tags\":\"Bijoux inusit\\u00e9s\",\"link\":\"index.php?page_id=23\"}},{\"type\":\"gallery_item\",\"props\":{\"title\":\"\\u00c9pinglette Loisirs de Trois-Rivi\\u00e8res\",\"image\":\"wp-content\\\/uploads\\\/Epinglette-LoisirsTrois-Rivieres.jpg\",\"tags\":\"Bijoux inusit\\u00e9s\",\"link\":\"index.php?page_id=23\"}}],\"name\":\"Sculpture - Bijoux inusit\\u00e9s\"}]}]}],\"name\":\"Base Sculpture - sous-onglets\"}],\"version\":\"2.3.31\"} --><\/p>\n","protected":false},"excerpt":{"rendered":"<p>Sculpture &#8211; Bijoux Argent 925 &#8211; 01 Argent 925 &#8211; 02 Argent 925 &#8211; 03 Bracelet inusit\u00e9 Collier inusit\u00e9 Veste \u00e0 canettes \u00c9pinglette Loisirs de Trois-Rivi\u00e8res<\/p>\n","protected":false},"author":2,"featured_media":0,"parent":0,"menu_order":0,"comment_status":"closed","ping_status":"closed","template":"","meta":{"footnotes":""},"class_list":["post-1301","page","type-page","status-publish","hentry"],"jetpack_sharing_enabled":true,"_links":{"self":[{"href":"https:\/\/www.jocelyneduchesne.com\/index.php?rest_route=\/wp\/v2\/pages\/1301","targetHints":{"allow":["GET"]}}],"collection":[{"href":"https:\/\/www.jocelyneduchesne.com\/index.php?rest_route=\/wp\/v2\/pages"}],"about":[{"href":"https:\/\/www.jocelyneduchesne.com\/index.php?rest_route=\/wp\/v2\/types\/page"}],"author":[{"embeddable":true,"href":"https:\/\/www.jocelyneduchesne.com\/index.php?rest_route=\/wp\/v2\/users\/2"}],"replies":[{"embeddable":true,"href":"https:\/\/www.jocelyneduchesne.com\/index.php?rest_route=%2Fwp%2Fv2%2Fcomments&post=1301"}],"version-history":[{"count":10,"href":"https:\/\/www.jocelyneduchesne.com\/index.php?rest_route=\/wp\/v2\/pages\/1301\/revisions"}],"predecessor-version":[{"id":1468,"href":"https:\/\/www.jocelyneduchesne.com\/index.php?rest_route=\/wp\/v2\/pages\/1301\/revisions\/1468"}],"wp:attachment":[{"href":"https:\/\/www.jocelyneduchesne.com\/index.php?rest_route=%2Fwp%2Fv2%2Fmedia&parent=1301"}],"curies":[{"name":"wp","href":"https:\/\/api.w.org\/{rel}","templated":true}]}}